{"id":11,"date":"2021-11-21T15:12:46","date_gmt":"2021-11-21T15:12:46","guid":{"rendered":"https:\/\/yogaprana.es\/index.php\/home\/"},"modified":"2025-04-05T19:07:38","modified_gmt":"2025-04-05T19:07:38","slug":"home","status":"publish","type":"page","link":"https:\/\/yogaprana.es\/","title":{"rendered":"Inicio"},"content":{"rendered":"\t\t<div data-elementor-type=\"wp-page\" data-elementor-id=\"11\" class=\"elementor elementor-11\" data-elementor-post-type=\"page\">\n\t\t\t\t\t\t<section class=\"elementor-section elementor-top-section elementor-element elementor-element-ca7541c elementor-section-height-min-height elementor-section-boxed elementor-section-height-default elementor-section-items-middle\" data-id=\"ca7541c\" data-element_type=\"section\" data-settings=\"{&quot;background_background&quot;:&quot;classic&quot;}\">\n\t\t\t\t\t\t\t<div class=\"elementor-background-overlay\"><\/div>\n\t\t\t\t\t\t\t<div class=\"elementor-container elementor-column-gap-default\">\n\t\t\t\t\t<div class=\"elementor-column elementor-col-100 elementor-top-column elementor-element elementor-element-be10890\" data-id=\"be10890\" data-element_type=\"column\">\n\t\t\t<div class=\"elementor-widget-wrap\">\n\t\t\t\t\t\t\t<\/div>\n\t\t<\/div>\n\t\t\t\t\t<\/div>\n\t\t<\/section>\n\t\t\t\t<section class=\"elementor-section elementor-top-section elementor-element elementor-element-7701125 elementor-section-boxed elementor-section-height-default elementor-section-height-default\" data-id=\"7701125\" data-element_type=\"section\" data-settings=\"{&quot;background_background&quot;:&quot;classic&quot;}\">\n\t\t\t\t\t\t<div class=\"elementor-container elementor-column-gap-default\">\n\t\t\t\t\t<div class=\"elementor-column elementor-col-100 elementor-top-column elementor-element elementor-element-9ad04ba\" data-id=\"9ad04ba\" data-element_type=\"column\">\n\t\t\t<div class=\"elementor-widget-wrap elementor-element-populated\">\n\t\t\t\t\t\t<div class=\"elementor-element elementor-element-6006bb5 animated-slow elementor-invisible elementor-widget elementor-widget-heading\" data-id=\"6006bb5\" data-element_type=\"widget\" data-settings=\"{&quot;_animation&quot;:&quot;fadeIn&quot;}\" data-widget_type=\"heading.default\">\n\t\t\t\t<div class=\"elementor-widget-container\">\n\t\t\t\t\t<h2 class=\"elementor-heading-title elementor-size-default\">YOGA PRANA<\/h2>\t\t\t\t<\/div>\n\t\t\t\t<\/div>\n\t\t\t\t\t<\/div>\n\t\t<\/div>\n\t\t\t\t\t<\/div>\n\t\t<\/section>\n\t\t\t\t<section class=\"elementor-section elementor-top-section elementor-element elementor-element-1416d9f elementor-section-boxed elementor-section-height-default elementor-section-height-default\" data-id=\"1416d9f\" data-element_type=\"section\" data-settings=\"{&quot;background_background&quot;:&quot;classic&quot;}\">\n\t\t\t\t\t\t<div class=\"elementor-container elementor-column-gap-default\">\n\t\t\t\t\t<div class=\"elementor-column elementor-col-33 elementor-top-column elementor-element elementor-element-1f6fc6a\" data-id=\"1f6fc6a\" data-element_type=\"column\">\n\t\t\t<div class=\"elementor-widget-wrap elementor-element-populated\">\n\t\t\t\t\t\t<div class=\"elementor-element elementor-element-e98637d animated-slow elementor-invisible elementor-widget elementor-widget-text-editor\" data-id=\"e98637d\" data-element_type=\"widget\" data-settings=\"{&quot;_animation&quot;:&quot;fadeIn&quot;}\" data-widget_type=\"text-editor.default\">\n\t\t\t\t<div class=\"elementor-widget-container\">\n\t\t\t\t\t\t\t\t\t<p><b>Yoga Prana<\/b> es un m\u00e9todo de auto desbloqueo f\u00edsico, energ\u00e9tico y emocional a trav\u00e9s del tacto y la respiraci\u00f3n, realizado en estado de relajaci\u00f3n.<br \/>Hagamos un recorrido: desde la gran inmensidad del Universo donde nos encontramos, pasando por la Galaxia en la cual habitamos, nuestro Planeta Tierra y todo lo que forma parte del mundo tal y como lo conocemos llegando hasta nosotros\/as, TODO, es energ\u00eda. Esta energ\u00eda a la que llamamos \u00a8energ\u00eda vital (<b>PRANA<\/b>)\u00a8, vibra y est\u00e1 en constante movimiento, por lo tanto, tiene que fluir de forma natural y arm\u00f3nica por todo nuestro cuerpo, podemos decir que somos seres energ\u00e9ticos.<\/p><p>\u00a0<\/p><p>Yoga Prana, armoniza la corriente energ\u00e9tica que circula por nuestro cuerpo,\u00a0<span style=\"font-style: inherit; font-weight: inherit;\">desbloqueando esos nudos, permitiendo as\u00ed a la energ\u00eda fluir de nuevo&#8230;<\/span><\/p>\t\t\t\t\t\t\t\t<\/div>\n\t\t\t\t<\/div>\n\t\t\t\t<div class=\"elementor-element elementor-element-9f905f2 elementor-align-left animated-slow elementor-invisible elementor-widget elementor-widget-button\" data-id=\"9f905f2\" data-element_type=\"widget\" data-settings=\"{&quot;_animation&quot;:&quot;fadeIn&quot;}\" data-widget_type=\"button.default\">\n\t\t\t\t<div class=\"elementor-widget-container\">\n\t\t\t\t\t\t\t\t\t<div class=\"elementor-button-wrapper\">\n\t\t\t\t\t<a class=\"elementor-button elementor-button-link elementor-size-xl\" href=\"https:\/\/yogaprana.es\/index.php\/metodo\/\">\n\t\t\t\t\t\t<span class=\"elementor-button-content-wrapper\">\n\t\t\t\t\t\t<span class=\"elementor-button-icon\">\n\t\t\t\t<i aria-hidden=\"true\" class=\"fas fa-arrow-right\"><\/i>\t\t\t<\/span>\n\t\t\t\t\t\t\t\t\t<span class=\"elementor-button-text\">Leer M\u00e1s <\/span>\n\t\t\t\t\t<\/span>\n\t\t\t\t\t<\/a>\n\t\t\t\t<\/div>\n\t\t\t\t\t\t\t\t<\/div>\n\t\t\t\t<\/div>\n\t\t\t\t\t<\/div>\n\t\t<\/div>\n\t\t\t\t<div class=\"elementor-column elementor-col-66 elementor-top-column elementor-element elementor-element-ab32869\" data-id=\"ab32869\" data-element_type=\"column\">\n\t\t\t<div class=\"elementor-widget-wrap elementor-element-populated\">\n\t\t\t\t\t\t<div class=\"elementor-element elementor-element-b1fa847 elementor-widget__width-initial animated-slow elementor-invisible elementor-widget elementor-widget-image\" data-id=\"b1fa847\" data-element_type=\"widget\" data-settings=\"{&quot;_animation&quot;:&quot;fadeIn&quot;}\" data-widget_type=\"image.default\">\n\t\t\t\t<div class=\"elementor-widget-container\">\n\t\t\t\t\t\t\t\t\t\t\t\t\t\t\t<img fetchpriority=\"high\" decoding=\"async\" width=\"1305\" height=\"1957\" src=\"https:\/\/yogaprana.es\/wp-content\/uploads\/2023\/08\/MG_1773.jpg\" class=\"attachment-full size-full wp-image-2001\" alt=\"\" srcset=\"https:\/\/yogaprana.es\/wp-content\/uploads\/2023\/08\/MG_1773.jpg 1305w, https:\/\/yogaprana.es\/wp-content\/uploads\/2023\/08\/MG_1773-600x900.jpg 600w, https:\/\/yogaprana.es\/wp-content\/uploads\/2023\/08\/MG_1773-200x300.jpg 200w, https:\/\/yogaprana.es\/wp-content\/uploads\/2023\/08\/MG_1773-683x1024.jpg 683w, https:\/\/yogaprana.es\/wp-content\/uploads\/2023\/08\/MG_1773-768x1152.jpg 768w, https:\/\/yogaprana.es\/wp-content\/uploads\/2023\/08\/MG_1773-1024x1536.jpg 1024w\" sizes=\"(max-width: 1305px) 100vw, 1305px\" \/>\t\t\t\t\t\t\t\t\t\t\t\t\t\t\t<\/div>\n\t\t\t\t<\/div>\n\t\t\t\t\t<\/div>\n\t\t<\/div>\n\t\t\t\t\t<\/div>\n\t\t<\/section>\n\t\t\t\t<section class=\"elementor-section elementor-top-section elementor-element elementor-element-2d8ba58 elementor-section-boxed elementor-section-height-default elementor-section-height-default\" data-id=\"2d8ba58\" data-element_type=\"section\" data-settings=\"{&quot;background_background&quot;:&quot;classic&quot;}\">\n\t\t\t\t\t\t<div class=\"elementor-container elementor-column-gap-default\">\n\t\t\t\t\t<div class=\"elementor-column elementor-col-33 elementor-top-column elementor-element elementor-element-94a6090\" data-id=\"94a6090\" data-element_type=\"column\">\n\t\t\t<div class=\"elementor-widget-wrap\">\n\t\t\t\t\t\t\t<\/div>\n\t\t<\/div>\n\t\t\t\t<div class=\"elementor-column elementor-col-33 elementor-top-column elementor-element elementor-element-ba33ca0 animated-slow elementor-invisible\" data-id=\"ba33ca0\" data-element_type=\"column\" data-settings=\"{&quot;animation&quot;:&quot;fadeIn&quot;}\">\n\t\t\t<div class=\"elementor-widget-wrap elementor-element-populated\">\n\t\t\t\t\t\t<div class=\"elementor-element elementor-element-d278a40 elementor-widget__width-initial elementor-widget elementor-widget-heading\" data-id=\"d278a40\" data-element_type=\"widget\" data-widget_type=\"heading.default\">\n\t\t\t\t<div class=\"elementor-widget-container\">\n\t\t\t\t\t<h4 class=\"elementor-heading-title elementor-size-default\">\u201cCada tensi\u00f3n muscular contiene la historia y el significado de su origen.\u201d<\/h4>\t\t\t\t<\/div>\n\t\t\t\t<\/div>\n\t\t\t\t<div class=\"elementor-element elementor-element-4b72f5b elementor-widget elementor-widget-image\" data-id=\"4b72f5b\" data-element_type=\"widget\" data-widget_type=\"image.default\">\n\t\t\t\t<div class=\"elementor-widget-container\">\n\t\t\t\t\t\t\t\t\t\t\t\t\t\t\t<img decoding=\"async\" width=\"1080\" height=\"1080\" src=\"https:\/\/yogaprana.es\/wp-content\/uploads\/2024\/04\/Untitled-design-2.png\" class=\"attachment-full size-full wp-image-2447\" alt=\"\" srcset=\"https:\/\/yogaprana.es\/wp-content\/uploads\/2024\/04\/Untitled-design-2.png 1080w, https:\/\/yogaprana.es\/wp-content\/uploads\/2024\/04\/Untitled-design-2-300x300.png 300w, https:\/\/yogaprana.es\/wp-content\/uploads\/2024\/04\/Untitled-design-2-1024x1024.png 1024w, https:\/\/yogaprana.es\/wp-content\/uploads\/2024\/04\/Untitled-design-2-150x150.png 150w, https:\/\/yogaprana.es\/wp-content\/uploads\/2024\/04\/Untitled-design-2-768x768.png 768w, https:\/\/yogaprana.es\/wp-content\/uploads\/2024\/04\/Untitled-design-2-600x600.png 600w, https:\/\/yogaprana.es\/wp-content\/uploads\/2024\/04\/Untitled-design-2-100x100.png 100w\" sizes=\"(max-width: 1080px) 100vw, 1080px\" \/>\t\t\t\t\t\t\t\t\t\t\t\t\t\t\t<\/div>\n\t\t\t\t<\/div>\n\t\t\t\t<div class=\"elementor-element elementor-element-c80bddd elementor-widget elementor-widget-text-editor\" data-id=\"c80bddd\" data-element_type=\"widget\" data-widget_type=\"text-editor.default\">\n\t\t\t\t<div class=\"elementor-widget-container\">\n\t\t\t\t\t\t\t\t\t<p>Esther Garrido Arenzana<\/p>\t\t\t\t\t\t\t\t<\/div>\n\t\t\t\t<\/div>\n\t\t\t\t\t<\/div>\n\t\t<\/div>\n\t\t\t\t<div class=\"elementor-column elementor-col-33 elementor-top-column elementor-element elementor-element-9a0a136\" data-id=\"9a0a136\" data-element_type=\"column\">\n\t\t\t<div class=\"elementor-widget-wrap\">\n\t\t\t\t\t\t\t<\/div>\n\t\t<\/div>\n\t\t\t\t\t<\/div>\n\t\t<\/section>\n\t\t\t\t<\/div>\n\t\t","protected":false},"excerpt":{"rendered":"<p>YOGA PRANA Yoga Prana es un m\u00e9todo de auto desbloqueo f\u00edsico, energ\u00e9tico y emocional a trav\u00e9s del tacto y la respiraci\u00f3n, realizado en estado de relajaci\u00f3n.Hagamos un recorrido: desde la gran inmensidad del Universo donde nos encontramos, pasando por la Galaxia en la cual habitamos, nuestro Planeta Tierra y todo lo que forma parte del [&hellip;]<\/p>\n","protected":false},"author":1,"featured_media":0,"parent":0,"menu_order":0,"comment_status":"closed","ping_status":"closed","template":"","meta":{"site-sidebar-layout":"no-sidebar","site-content-layout":"page-builder","ast-site-content-layout":"default","site-content-style":"default","site-sidebar-style":"default","ast-global-header-display":"","ast-banner-title-visibility":"","ast-main-header-display":"","ast-hfb-above-header-display":"","ast-hfb-below-header-display":"","ast-hfb-mobile-header-display":"","site-post-title":"disabled","ast-breadcrumbs-content":"","ast-featured-img":"disabled","footer-sml-layout":"","theme-transparent-header-meta":"enabled","adv-header-id-meta":"","stick-header-meta":"","header-above-stick-meta":"","header-main-stick-meta":"","header-below-stick-meta":"","astra-migrate-meta-layouts":"default","ast-page-background-enabled":"default","ast-page-background-meta":{"desktop":{"background-color":"var(--ast-global-color-4)","background-image":"","background-repeat":"repeat","background-position":"center center","background-size":"auto","background-attachment":"scroll","background-type":"","background-media":"","overlay-type":"","overlay-color":"","overlay-opacity":"","overlay-gradient":""},"tablet":{"background-color":"","background-image":"","background-repeat":"repeat","background-position":"center center","background-size":"auto","background-attachment":"scroll","background-type":"","background-media":"","overlay-type":"","overlay-color":"","overlay-opacity":"","overlay-gradient":""},"mobile":{"background-color":"","background-image":"","background-repeat":"repeat","background-position":"center center","background-size":"auto","background-attachment":"scroll","background-type":"","background-media":"","overlay-type":"","overlay-color":"","overlay-opacity":"","overlay-gradient":""}},"ast-content-background-meta":{"desktop":{"background-color":"var(--ast-global-color-5)","background-image":"","background-repeat":"repeat","background-position":"center center","background-size":"auto","background-attachment":"scroll","background-type":"","background-media":"","overlay-type":"","overlay-color":"","overlay-opacity":"","overlay-gradient":""},"tablet":{"background-color":"var(--ast-global-color-5)","background-image":"","background-repeat":"repeat","background-position":"center center","background-size":"auto","background-attachment":"scroll","background-type":"","background-media":"","overlay-type":"","overlay-color":"","overlay-opacity":"","overlay-gradient":""},"mobile":{"background-color":"var(--ast-global-color-5)","background-image":"","background-repeat":"repeat","background-position":"center center","background-size":"auto","background-attachment":"scroll","background-type":"","background-media":"","overlay-type":"","overlay-color":"","overlay-opacity":"","overlay-gradient":""}},"footnotes":""},"class_list":["post-11","page","type-page","status-publish","hentry"],"yoast_head":"<!-- This site is optimized with the Yoast SEO plugin v25.9 - https:\/\/yoast.com\/wordpress\/plugins\/seo\/ -->\n<title>Inicio - YogaPrana<\/title>\n<meta name=\"robots\" content=\"index, follow, max-snippet:-1, max-image-preview:large, max-video-preview:-1\" \/>\n<link rel=\"canonical\" href=\"https:\/\/yogaprana.es\/\" \/>\n<meta property=\"og:locale\" content=\"es_ES\" \/>\n<meta property=\"og:type\" content=\"article\" \/>\n<meta property=\"og:title\" content=\"Inicio - YogaPrana\" \/>\n<meta property=\"og:description\" content=\"YOGA PRANA Yoga Prana es un m\u00e9todo de auto desbloqueo f\u00edsico, energ\u00e9tico y emocional a trav\u00e9s del tacto y la respiraci\u00f3n, realizado en estado de relajaci\u00f3n.Hagamos un recorrido: desde la gran inmensidad del Universo donde nos encontramos, pasando por la Galaxia en la cual habitamos, nuestro Planeta Tierra y todo lo que forma parte del [&hellip;]\" \/>\n<meta property=\"og:url\" content=\"https:\/\/yogaprana.es\/\" \/>\n<meta property=\"og:site_name\" content=\"YogaPrana\" \/>\n<meta property=\"article:modified_time\" content=\"2025-04-05T19:07:38+00:00\" \/>\n<meta property=\"og:image\" content=\"http:\/\/yogaprana.es\/wp-content\/uploads\/2023\/08\/MG_1773.jpg\" \/>\n<meta name=\"twitter:card\" content=\"summary_large_image\" \/>\n<meta name=\"twitter:label1\" content=\"Tiempo de lectura\" \/>\n\t<meta name=\"twitter:data1\" content=\"2 minutos\" \/>\n<script type=\"application\/ld+json\" class=\"yoast-schema-graph\">{\"@context\":\"https:\/\/schema.org\",\"@graph\":[{\"@type\":\"WebPage\",\"@id\":\"https:\/\/yogaprana.es\/\",\"url\":\"https:\/\/yogaprana.es\/\",\"name\":\"Inicio - YogaPrana\",\"isPartOf\":{\"@id\":\"https:\/\/yogaprana.es\/#website\"},\"primaryImageOfPage\":{\"@id\":\"https:\/\/yogaprana.es\/#primaryimage\"},\"image\":{\"@id\":\"https:\/\/yogaprana.es\/#primaryimage\"},\"thumbnailUrl\":\"http:\/\/yogaprana.es\/wp-content\/uploads\/2023\/08\/MG_1773.jpg\",\"datePublished\":\"2021-11-21T15:12:46+00:00\",\"dateModified\":\"2025-04-05T19:07:38+00:00\",\"breadcrumb\":{\"@id\":\"https:\/\/yogaprana.es\/#breadcrumb\"},\"inLanguage\":\"es\",\"potentialAction\":[{\"@type\":\"ReadAction\",\"target\":[\"https:\/\/yogaprana.es\/\"]}]},{\"@type\":\"ImageObject\",\"inLanguage\":\"es\",\"@id\":\"https:\/\/yogaprana.es\/#primaryimage\",\"url\":\"https:\/\/yogaprana.es\/wp-content\/uploads\/2023\/08\/MG_1773.jpg\",\"contentUrl\":\"https:\/\/yogaprana.es\/wp-content\/uploads\/2023\/08\/MG_1773.jpg\",\"width\":1305,\"height\":1957,\"caption\":\"Vendido\"},{\"@type\":\"BreadcrumbList\",\"@id\":\"https:\/\/yogaprana.es\/#breadcrumb\",\"itemListElement\":[{\"@type\":\"ListItem\",\"position\":1,\"name\":\"Home\",\"item\":\"https:\/\/yogaprana.es\/\"},{\"@type\":\"ListItem\",\"position\":2,\"name\":\"Inicio\"}]},{\"@type\":\"WebSite\",\"@id\":\"https:\/\/yogaprana.es\/#website\",\"url\":\"https:\/\/yogaprana.es\/\",\"name\":\"YogaPrana\",\"description\":\"Yoga Tacto y Respiraci\u00f3n\",\"publisher\":{\"@id\":\"https:\/\/yogaprana.es\/#\/schema\/person\/b990311c9225359eca63f03ceb0e633d\"},\"potentialAction\":[{\"@type\":\"SearchAction\",\"target\":{\"@type\":\"EntryPoint\",\"urlTemplate\":\"https:\/\/yogaprana.es\/?s={search_term_string}\"},\"query-input\":{\"@type\":\"PropertyValueSpecification\",\"valueRequired\":true,\"valueName\":\"search_term_string\"}}],\"inLanguage\":\"es\"},{\"@type\":[\"Person\",\"Organization\"],\"@id\":\"https:\/\/yogaprana.es\/#\/schema\/person\/b990311c9225359eca63f03ceb0e633d\",\"name\":\"Esther Garrido\",\"image\":{\"@type\":\"ImageObject\",\"inLanguage\":\"es\",\"@id\":\"https:\/\/yogaprana.es\/#\/schema\/person\/image\/\",\"url\":\"https:\/\/yogaprana.es\/wp-content\/uploads\/2023\/07\/photofunny.net_-2.jpg\",\"contentUrl\":\"https:\/\/yogaprana.es\/wp-content\/uploads\/2023\/07\/photofunny.net_-2.jpg\",\"width\":1024,\"height\":1024,\"caption\":\"Esther Garrido\"},\"logo\":{\"@id\":\"https:\/\/yogaprana.es\/#\/schema\/person\/image\/\"},\"sameAs\":[\"http:\/\/yogaprana.es\"]}]}<\/script>\n<!-- \/ Yoast SEO plugin. -->","yoast_head_json":{"title":"Inicio - YogaPrana","robots":{"index":"index","follow":"follow","max-snippet":"max-snippet:-1","max-image-preview":"max-image-preview:large","max-video-preview":"max-video-preview:-1"},"canonical":"https:\/\/yogaprana.es\/","og_locale":"es_ES","og_type":"article","og_title":"Inicio - YogaPrana","og_description":"YOGA PRANA Yoga Prana es un m\u00e9todo de auto desbloqueo f\u00edsico, energ\u00e9tico y emocional a trav\u00e9s del tacto y la respiraci\u00f3n, realizado en estado de relajaci\u00f3n.Hagamos un recorrido: desde la gran inmensidad del Universo donde nos encontramos, pasando por la Galaxia en la cual habitamos, nuestro Planeta Tierra y todo lo que forma parte del [&hellip;]","og_url":"https:\/\/yogaprana.es\/","og_site_name":"YogaPrana","article_modified_time":"2025-04-05T19:07:38+00:00","og_image":[{"url":"http:\/\/yogaprana.es\/wp-content\/uploads\/2023\/08\/MG_1773.jpg","type":"","width":"","height":""}],"twitter_card":"summary_large_image","twitter_misc":{"Tiempo de lectura":"2 minutos"},"schema":{"@context":"https:\/\/schema.org","@graph":[{"@type":"WebPage","@id":"https:\/\/yogaprana.es\/","url":"https:\/\/yogaprana.es\/","name":"Inicio - YogaPrana","isPartOf":{"@id":"https:\/\/yogaprana.es\/#website"},"primaryImageOfPage":{"@id":"https:\/\/yogaprana.es\/#primaryimage"},"image":{"@id":"https:\/\/yogaprana.es\/#primaryimage"},"thumbnailUrl":"http:\/\/yogaprana.es\/wp-content\/uploads\/2023\/08\/MG_1773.jpg","datePublished":"2021-11-21T15:12:46+00:00","dateModified":"2025-04-05T19:07:38+00:00","breadcrumb":{"@id":"https:\/\/yogaprana.es\/#breadcrumb"},"inLanguage":"es","potentialAction":[{"@type":"ReadAction","target":["https:\/\/yogaprana.es\/"]}]},{"@type":"ImageObject","inLanguage":"es","@id":"https:\/\/yogaprana.es\/#primaryimage","url":"https:\/\/yogaprana.es\/wp-content\/uploads\/2023\/08\/MG_1773.jpg","contentUrl":"https:\/\/yogaprana.es\/wp-content\/uploads\/2023\/08\/MG_1773.jpg","width":1305,"height":1957,"caption":"Vendido"},{"@type":"BreadcrumbList","@id":"https:\/\/yogaprana.es\/#breadcrumb","itemListElement":[{"@type":"ListItem","position":1,"name":"Home","item":"https:\/\/yogaprana.es\/"},{"@type":"ListItem","position":2,"name":"Inicio"}]},{"@type":"WebSite","@id":"https:\/\/yogaprana.es\/#website","url":"https:\/\/yogaprana.es\/","name":"YogaPrana","description":"Yoga Tacto y Respiraci\u00f3n","publisher":{"@id":"https:\/\/yogaprana.es\/#\/schema\/person\/b990311c9225359eca63f03ceb0e633d"},"potentialAction":[{"@type":"SearchAction","target":{"@type":"EntryPoint","urlTemplate":"https:\/\/yogaprana.es\/?s={search_term_string}"},"query-input":{"@type":"PropertyValueSpecification","valueRequired":true,"valueName":"search_term_string"}}],"inLanguage":"es"},{"@type":["Person","Organization"],"@id":"https:\/\/yogaprana.es\/#\/schema\/person\/b990311c9225359eca63f03ceb0e633d","name":"Esther Garrido","image":{"@type":"ImageObject","inLanguage":"es","@id":"https:\/\/yogaprana.es\/#\/schema\/person\/image\/","url":"https:\/\/yogaprana.es\/wp-content\/uploads\/2023\/07\/photofunny.net_-2.jpg","contentUrl":"https:\/\/yogaprana.es\/wp-content\/uploads\/2023\/07\/photofunny.net_-2.jpg","width":1024,"height":1024,"caption":"Esther Garrido"},"logo":{"@id":"https:\/\/yogaprana.es\/#\/schema\/person\/image\/"},"sameAs":["http:\/\/yogaprana.es"]}]}},"_links":{"self":[{"href":"https:\/\/yogaprana.es\/index.php\/wp-json\/wp\/v2\/pages\/11","targetHints":{"allow":["GET"]}}],"collection":[{"href":"https:\/\/yogaprana.es\/index.php\/wp-json\/wp\/v2\/pages"}],"about":[{"href":"https:\/\/yogaprana.es\/index.php\/wp-json\/wp\/v2\/types\/page"}],"author":[{"embeddable":true,"href":"https:\/\/yogaprana.es\/index.php\/wp-json\/wp\/v2\/users\/1"}],"replies":[{"embeddable":true,"href":"https:\/\/yogaprana.es\/index.php\/wp-json\/wp\/v2\/comments?post=11"}],"version-history":[{"count":272,"href":"https:\/\/yogaprana.es\/index.php\/wp-json\/wp\/v2\/pages\/11\/revisions"}],"predecessor-version":[{"id":2625,"href":"https:\/\/yogaprana.es\/index.php\/wp-json\/wp\/v2\/pages\/11\/revisions\/2625"}],"wp:attachment":[{"href":"https:\/\/yogaprana.es\/index.php\/wp-json\/wp\/v2\/media?parent=11"}],"curies":[{"name":"wp","href":"https:\/\/api.w.org\/{rel}","templated":true}]}}