{"id":2550,"date":"2024-06-24T16:26:57","date_gmt":"2024-06-24T16:26:57","guid":{"rendered":"https:\/\/yogaprana.es\/?page_id=2550"},"modified":"2025-04-05T19:49:32","modified_gmt":"2025-04-05T19:49:32","slug":"meditaciones","status":"publish","type":"page","link":"https:\/\/yogaprana.es\/index.php\/meditaciones\/","title":{"rendered":"Meditaciones"},"content":{"rendered":"\t\t<div data-elementor-type=\"wp-page\" data-elementor-id=\"2550\" class=\"elementor elementor-2550\" data-elementor-post-type=\"page\">\n\t\t\t\t\t\t<section class=\"elementor-section elementor-top-section elementor-element elementor-element-814b012 elementor-section-height-min-height elementor-section-boxed elementor-section-height-default elementor-section-items-middle\" data-id=\"814b012\" data-element_type=\"section\" data-settings=\"{&quot;background_background&quot;:&quot;classic&quot;,&quot;background_motion_fx_motion_fx_scrolling&quot;:&quot;yes&quot;,&quot;background_motion_fx_translateY_effect&quot;:&quot;yes&quot;,&quot;background_motion_fx_translateY_speed&quot;:{&quot;unit&quot;:&quot;px&quot;,&quot;size&quot;:4,&quot;sizes&quot;:[]},&quot;background_motion_fx_translateY_affectedRange&quot;:{&quot;unit&quot;:&quot;%&quot;,&quot;size&quot;:&quot;&quot;,&quot;sizes&quot;:{&quot;start&quot;:0,&quot;end&quot;:100}},&quot;background_motion_fx_devices&quot;:[&quot;desktop&quot;,&quot;tablet&quot;,&quot;mobile&quot;]}\">\n\t\t\t\t\t\t\t<div class=\"elementor-background-overlay\"><\/div>\n\t\t\t\t\t\t\t<div class=\"elementor-container elementor-column-gap-default\">\n\t\t\t\t\t<div class=\"elementor-column elementor-col-100 elementor-top-column elementor-element elementor-element-fc7c9c9\" data-id=\"fc7c9c9\" data-element_type=\"column\">\n\t\t\t<div class=\"elementor-widget-wrap\">\n\t\t\t\t\t\t\t<\/div>\n\t\t<\/div>\n\t\t\t\t\t<\/div>\n\t\t<\/section>\n\t\t\t\t<section class=\"elementor-section elementor-top-section elementor-element elementor-element-709a9e2 elementor-section-boxed elementor-section-height-default elementor-section-height-default\" data-id=\"709a9e2\" data-element_type=\"section\" data-settings=\"{&quot;background_background&quot;:&quot;classic&quot;}\">\n\t\t\t\t\t\t<div class=\"elementor-container elementor-column-gap-default\">\n\t\t\t\t\t<div class=\"elementor-column elementor-col-100 elementor-top-column elementor-element elementor-element-d9be08b\" data-id=\"d9be08b\" data-element_type=\"column\">\n\t\t\t<div class=\"elementor-widget-wrap elementor-element-populated\">\n\t\t\t\t\t\t<div class=\"elementor-element elementor-element-899e111 elementor-widget elementor-widget-spacer\" data-id=\"899e111\" data-element_type=\"widget\" data-widget_type=\"spacer.default\">\n\t\t\t\t<div class=\"elementor-widget-container\">\n\t\t\t\t\t\t\t<div class=\"elementor-spacer\">\n\t\t\t<div class=\"elementor-spacer-inner\"><\/div>\n\t\t<\/div>\n\t\t\t\t\t\t<\/div>\n\t\t\t\t<\/div>\n\t\t\t\t<div class=\"elementor-element elementor-element-f68b619 elementor-widget elementor-widget-heading\" data-id=\"f68b619\" data-element_type=\"widget\" data-widget_type=\"heading.default\">\n\t\t\t\t<div class=\"elementor-widget-container\">\n\t\t\t\t\t<h2 class=\"elementor-heading-title elementor-size-default\">Meditaciones<\/h2>\t\t\t\t<\/div>\n\t\t\t\t<\/div>\n\t\t\t\t<div class=\"elementor-element elementor-element-1d4e813 elementor-widget elementor-widget-spacer\" data-id=\"1d4e813\" data-element_type=\"widget\" data-widget_type=\"spacer.default\">\n\t\t\t\t<div class=\"elementor-widget-container\">\n\t\t\t\t\t\t\t<div class=\"elementor-spacer\">\n\t\t\t<div class=\"elementor-spacer-inner\"><\/div>\n\t\t<\/div>\n\t\t\t\t\t\t<\/div>\n\t\t\t\t<\/div>\n\t\t\t\t\t<\/div>\n\t\t<\/div>\n\t\t\t\t\t<\/div>\n\t\t<\/section>\n\t\t\t\t<section class=\"elementor-section elementor-top-section elementor-element elementor-element-800a258 elementor-section-boxed elementor-section-height-default elementor-section-height-default\" data-id=\"800a258\" data-element_type=\"section\" data-settings=\"{&quot;background_background&quot;:&quot;classic&quot;}\">\n\t\t\t\t\t\t<div class=\"elementor-container elementor-column-gap-default\">\n\t\t\t\t\t<div class=\"elementor-column elementor-col-100 elementor-top-column elementor-element elementor-element-b9b96ba\" data-id=\"b9b96ba\" data-element_type=\"column\">\n\t\t\t<div class=\"elementor-widget-wrap elementor-element-populated\">\n\t\t\t\t\t\t<div class=\"elementor-element elementor-element-f116c92 elementor-widget elementor-widget-heading\" data-id=\"f116c92\" data-element_type=\"widget\" data-widget_type=\"heading.default\">\n\t\t\t\t<div class=\"elementor-widget-container\">\n\t\t\t\t\t<h4 class=\"elementor-heading-title elementor-size-default\">Meditaci\u00f3n Guiada Introductoria: La mirada interior<br>\n<\/h4>\t\t\t\t<\/div>\n\t\t\t\t<\/div>\n\t\t\t\t<div class=\"elementor-element elementor-element-2eaf6be elementor-widget elementor-widget-audio\" data-id=\"2eaf6be\" data-element_type=\"widget\" data-widget_type=\"audio.default\">\n\t\t\t\t<div class=\"elementor-widget-container\">\n\t\t\t\t\t\t\t\t<div class=\"elementor-soundcloud-wrapper\">\n\t\t\t\t<iframe width=\"1200\" height=\"200\" frameborder=\"no\" src=\"https:\/\/w.soundcloud.com\/player\/?visual=false&#038;url=https%3A%2F%2Fapi.soundcloud.com%2Ftracks%2F1856038113&#038;show_artwork=true&#038;maxheight=1000&#038;maxwidth=1200&#038;auto_play=false&#038;buying=true&#038;liking=true&#038;download=true&#038;sharing=true&#038;show_comments=true&#038;show_playcount=true&#038;show_user=true&#038;color\"><\/iframe>\t\t\t<\/div>\n\t\t\t\t\t\t\t<\/div>\n\t\t\t\t<\/div>\n\t\t\t\t<div class=\"elementor-element elementor-element-8e9c0cb elementor-widget elementor-widget-text-editor\" data-id=\"8e9c0cb\" data-element_type=\"widget\" data-widget_type=\"text-editor.default\">\n\t\t\t\t<div class=\"elementor-widget-container\">\n\t\t\t\t\t\t\t\t\t<p>Se pude descargar desde Soundcloud <\/p>\t\t\t\t\t\t\t\t<\/div>\n\t\t\t\t<\/div>\n\t\t\t\t<div class=\"elementor-element elementor-element-1dd6f67 animated-slow elementor-invisible elementor-widget elementor-widget-text-editor\" data-id=\"1dd6f67\" data-element_type=\"widget\" data-settings=\"{&quot;_animation&quot;:&quot;fadeIn&quot;}\" data-widget_type=\"text-editor.default\">\n\t\t\t\t<div class=\"elementor-widget-container\">\n\t\t\t\t\t\t\t\t\t<div class=\"truncatedAudioInfo__wrapper\">\n<div class=\"truncatedAudioInfo__content\">\n<div class=\"sc-type-small sc-text-body\">\n<div>\n<p>Bienvenido\/a a esta meditaci\u00f3n guiada dise\u00f1ada para ayudarte a encontrar paz interior y equilibrio emocional utilizando la t\u00e9cnica YogaPrana. En esta sesi\u00f3n, te guiar\u00e9 a trav\u00e9s de una experiencia de relajaci\u00f3n profunda que te permitir\u00e1 conectar con tu ser interior y liberar el estr\u00e9s acumulado.<\/p>\n<p>YogaPrana combina la respiraci\u00f3n consciente y la relajaci\u00f3n muscular para inducir un estado de calma y bienestar. A medida que sigas mis instrucciones, sentir\u00e1s c\u00f3mo la tensi\u00f3n se disipa y la tranquilidad se instala en tu mente y cuerpo.<\/p>\n<p>Esta meditaci\u00f3n es perfecta para aquellos\/as que buscan reducir la ansiedad, mejorar la concentraci\u00f3n o simplemente tomarse un momento para reconectar consigo mismos. No se requiere experiencia previa en meditaci\u00f3n, solo abre tu mente y d\u00e9jate llevar por el proceso.<\/p>\n<p>Busca un espacio tranquilo y c\u00f3modo, y prep\u00e1rate para sumergirte en esta experiencia de autoexploraci\u00f3n y sanaci\u00f3n.<\/p>\n<p>Gracias por practicar!<\/p>\n<\/div>\n<\/div>\n<\/div>\n<\/div>\t\t\t\t\t\t\t\t<\/div>\n\t\t\t\t<\/div>\n\t\t\t\t\t<\/div>\n\t\t<\/div>\n\t\t\t\t\t<\/div>\n\t\t<\/section>\n\t\t\t\t<section class=\"elementor-section elementor-top-section elementor-element elementor-element-07999be elementor-section-boxed elementor-section-height-default elementor-section-height-default\" data-id=\"07999be\" data-element_type=\"section\" data-settings=\"{&quot;background_background&quot;:&quot;classic&quot;}\">\n\t\t\t\t\t\t<div class=\"elementor-container elementor-column-gap-default\">\n\t\t\t\t\t<div class=\"elementor-column elementor-col-100 elementor-top-column elementor-element elementor-element-9f55f88\" data-id=\"9f55f88\" data-element_type=\"column\">\n\t\t\t<div class=\"elementor-widget-wrap elementor-element-populated\">\n\t\t\t\t\t\t<div class=\"elementor-element elementor-element-5fd82f7 elementor-widget elementor-widget-spacer\" data-id=\"5fd82f7\" data-element_type=\"widget\" data-widget_type=\"spacer.default\">\n\t\t\t\t<div class=\"elementor-widget-container\">\n\t\t\t\t\t\t\t<div class=\"elementor-spacer\">\n\t\t\t<div class=\"elementor-spacer-inner\"><\/div>\n\t\t<\/div>\n\t\t\t\t\t\t<\/div>\n\t\t\t\t<\/div>\n\t\t\t\t<div class=\"elementor-element elementor-element-a234387 elementor-widget elementor-widget-heading\" data-id=\"a234387\" data-element_type=\"widget\" data-widget_type=\"heading.default\">\n\t\t\t\t<div class=\"elementor-widget-container\">\n\t\t\t\t\t<h4 class=\"elementor-heading-title elementor-size-default\">Meditaci\u00f3n Guiada: Toque con las Manos<\/h4>\t\t\t\t<\/div>\n\t\t\t\t<\/div>\n\t\t\t\t<div class=\"elementor-element elementor-element-3ddfe40 elementor-widget elementor-widget-audio\" data-id=\"3ddfe40\" data-element_type=\"widget\" data-widget_type=\"audio.default\">\n\t\t\t\t<div class=\"elementor-widget-container\">\n\t\t\t\t\t\t\t\t<div class=\"elementor-soundcloud-wrapper\">\n\t\t\t\t<iframe width=\"1200\" height=\"200\" frameborder=\"no\" src=\"https:\/\/w.soundcloud.com\/player\/?visual=false&#038;url=https%3A%2F%2Fapi.soundcloud.com%2Ftracks%2F1856693631&#038;show_artwork=true&#038;maxheight=1000&#038;maxwidth=1200&#038;auto_play=false&#038;buying=true&#038;liking=true&#038;download=true&#038;sharing=true&#038;show_comments=true&#038;show_playcount=true&#038;show_user=true&#038;color\"><\/iframe>\t\t\t<\/div>\n\t\t\t\t\t\t\t<\/div>\n\t\t\t\t<\/div>\n\t\t\t\t<div class=\"elementor-element elementor-element-7d8e1c4 elementor-widget elementor-widget-text-editor\" data-id=\"7d8e1c4\" data-element_type=\"widget\" data-widget_type=\"text-editor.default\">\n\t\t\t\t<div class=\"elementor-widget-container\">\n\t\t\t\t\t\t\t\t\t<p>Se pude descargar desde Soundcloud <\/p>\t\t\t\t\t\t\t\t<\/div>\n\t\t\t\t<\/div>\n\t\t\t\t<div class=\"elementor-element elementor-element-ad73268 animated-slow elementor-invisible elementor-widget elementor-widget-text-editor\" data-id=\"ad73268\" data-element_type=\"widget\" data-settings=\"{&quot;_animation&quot;:&quot;fadeIn&quot;}\" data-widget_type=\"text-editor.default\">\n\t\t\t\t<div class=\"elementor-widget-container\">\n\t\t\t\t\t\t\t\t\t<p>Te doy la bienvenida a escuchar esta meditaci\u00f3n guiada en la que comenzando a practicar YogaPrana ir\u00e1s conectando con tu cuerpo con el fin de poder deshacer bloqueos tanto f\u00edsicos como emocionales a trav\u00e9s del tacto y la respiraci\u00f3n, desde un estado de relajaci\u00f3n.<br \/>Gracias por practicar!<\/p>\t\t\t\t\t\t\t\t<\/div>\n\t\t\t\t<\/div>\n\t\t\t\t\t<\/div>\n\t\t<\/div>\n\t\t\t\t\t<\/div>\n\t\t<\/section>\n\t\t\t\t<\/div>\n\t\t","protected":false},"excerpt":{"rendered":"<p>Meditaciones Meditaci\u00f3n Guiada Introductoria: La mirada interior Se pude descargar desde Soundcloud Bienvenido\/a a esta meditaci\u00f3n guiada dise\u00f1ada para ayudarte a encontrar paz interior y equilibrio emocional utilizando la t\u00e9cnica YogaPrana. En esta sesi\u00f3n, te guiar\u00e9 a trav\u00e9s de una experiencia de relajaci\u00f3n profunda que te permitir\u00e1 conectar con tu ser interior y liberar el [&hellip;]<\/p>\n","protected":false},"author":1,"featured_media":0,"parent":0,"menu_order":0,"comment_status":"closed","ping_status":"closed","template":"","meta":{"site-sidebar-layout":"no-sidebar","site-content-layout":"page-builder","ast-site-content-layout":"full-width-container","site-content-style":"default","site-sidebar-style":"default","ast-global-header-display":"","ast-banner-title-visibility":"","ast-main-header-display":"","ast-hfb-above-header-display":"","ast-hfb-below-header-display":"","ast-hfb-mobile-header-display":"","site-post-title":"disabled","ast-breadcrumbs-content":"","ast-featured-img":"disabled","footer-sml-layout":"","theme-transparent-header-meta":"","adv-header-id-meta":"","stick-header-meta":"","header-above-stick-meta":"","header-main-stick-meta":"","header-below-stick-meta":"","astra-migrate-meta-layouts":"set","ast-page-background-enabled":"default","ast-page-background-meta":{"desktop":{"background-color":"var(--ast-global-color-4)","background-image":"","background-repeat":"repeat","background-position":"center center","background-size":"auto","background-attachment":"scroll","background-type":"","background-media":"","overlay-type":"","overlay-color":"","overlay-opacity":"","overlay-gradient":""},"tablet":{"background-color":"","background-image":"","background-repeat":"repeat","background-position":"center center","background-size":"auto","background-attachment":"scroll","background-type":"","background-media":"","overlay-type":"","overlay-color":"","overlay-opacity":"","overlay-gradient":""},"mobile":{"background-color":"","background-image":"","background-repeat":"repeat","background-position":"center center","background-size":"auto","background-attachment":"scroll","background-type":"","background-media":"","overlay-type":"","overlay-color":"","overlay-opacity":"","overlay-gradient":""}},"ast-content-background-meta":{"desktop":{"background-color":"var(--ast-global-color-5)","background-image":"","background-repeat":"repeat","background-position":"center center","background-size":"auto","background-attachment":"scroll","background-type":"","background-media":"","overlay-type":"","overlay-color":"","overlay-opacity":"","overlay-gradient":""},"tablet":{"background-color":"var(--ast-global-color-5)","background-image":"","background-repeat":"repeat","background-position":"center center","background-size":"auto","background-attachment":"scroll","background-type":"","background-media":"","overlay-type":"","overlay-color":"","overlay-opacity":"","overlay-gradient":""},"mobile":{"background-color":"var(--ast-global-color-5)","background-image":"","background-repeat":"repeat","background-position":"center center","background-size":"auto","background-attachment":"scroll","background-type":"","background-media":"","overlay-type":"","overlay-color":"","overlay-opacity":"","overlay-gradient":""}},"footnotes":""},"class_list":["post-2550","page","type-page","status-publish","hentry"],"yoast_head":"<!-- This site is optimized with the Yoast SEO plugin v25.9 - https:\/\/yoast.com\/wordpress\/plugins\/seo\/ -->\n<title>Meditaciones - YogaPrana<\/title>\n<meta name=\"description\" content=\"Bienvenido\/a a esta meditaci\u00f3n guiada dise\u00f1ada para ayudarte a encontrar paz interior y equilibrio emocional utilizando la t\u00e9cnica Yograprana.\" \/>\n<meta name=\"robots\" content=\"index, follow, max-snippet:-1, max-image-preview:large, max-video-preview:-1\" \/>\n<link rel=\"canonical\" href=\"https:\/\/yogaprana.es\/index.php\/meditaciones\/\" \/>\n<meta property=\"og:locale\" content=\"es_ES\" \/>\n<meta property=\"og:type\" content=\"article\" \/>\n<meta property=\"og:title\" content=\"Meditaciones - YogaPrana\" \/>\n<meta property=\"og:description\" content=\"Bienvenido\/a a esta meditaci\u00f3n guiada dise\u00f1ada para ayudarte a encontrar paz interior y equilibrio emocional utilizando la t\u00e9cnica Yograprana.\" \/>\n<meta property=\"og:url\" content=\"https:\/\/yogaprana.es\/index.php\/meditaciones\/\" \/>\n<meta property=\"og:site_name\" content=\"YogaPrana\" \/>\n<meta property=\"article:modified_time\" content=\"2025-04-05T19:49:32+00:00\" \/>\n<meta name=\"twitter:card\" content=\"summary_large_image\" \/>\n<meta name=\"twitter:label1\" content=\"Tiempo de lectura\" \/>\n\t<meta name=\"twitter:data1\" content=\"1 minuto\" \/>\n<script type=\"application\/ld+json\" class=\"yoast-schema-graph\">{\"@context\":\"https:\/\/schema.org\",\"@graph\":[{\"@type\":\"WebPage\",\"@id\":\"https:\/\/yogaprana.es\/index.php\/meditaciones\/\",\"url\":\"https:\/\/yogaprana.es\/index.php\/meditaciones\/\",\"name\":\"Meditaciones - YogaPrana\",\"isPartOf\":{\"@id\":\"https:\/\/yogaprana.es\/#website\"},\"datePublished\":\"2024-06-24T16:26:57+00:00\",\"dateModified\":\"2025-04-05T19:49:32+00:00\",\"description\":\"Bienvenido\/a a esta meditaci\u00f3n guiada dise\u00f1ada para ayudarte a encontrar paz interior y equilibrio emocional utilizando la t\u00e9cnica Yograprana.\",\"breadcrumb\":{\"@id\":\"https:\/\/yogaprana.es\/index.php\/meditaciones\/#breadcrumb\"},\"inLanguage\":\"es\",\"potentialAction\":[{\"@type\":\"ReadAction\",\"target\":[\"https:\/\/yogaprana.es\/index.php\/meditaciones\/\"]}]},{\"@type\":\"BreadcrumbList\",\"@id\":\"https:\/\/yogaprana.es\/index.php\/meditaciones\/#breadcrumb\",\"itemListElement\":[{\"@type\":\"ListItem\",\"position\":1,\"name\":\"Home\",\"item\":\"https:\/\/yogaprana.es\/\"},{\"@type\":\"ListItem\",\"position\":2,\"name\":\"Meditaciones\"}]},{\"@type\":\"WebSite\",\"@id\":\"https:\/\/yogaprana.es\/#website\",\"url\":\"https:\/\/yogaprana.es\/\",\"name\":\"YogaPrana\",\"description\":\"Yoga Tacto y Respiraci\u00f3n\",\"publisher\":{\"@id\":\"https:\/\/yogaprana.es\/#\/schema\/person\/b990311c9225359eca63f03ceb0e633d\"},\"potentialAction\":[{\"@type\":\"SearchAction\",\"target\":{\"@type\":\"EntryPoint\",\"urlTemplate\":\"https:\/\/yogaprana.es\/?s={search_term_string}\"},\"query-input\":{\"@type\":\"PropertyValueSpecification\",\"valueRequired\":true,\"valueName\":\"search_term_string\"}}],\"inLanguage\":\"es\"},{\"@type\":[\"Person\",\"Organization\"],\"@id\":\"https:\/\/yogaprana.es\/#\/schema\/person\/b990311c9225359eca63f03ceb0e633d\",\"name\":\"Esther Garrido\",\"image\":{\"@type\":\"ImageObject\",\"inLanguage\":\"es\",\"@id\":\"https:\/\/yogaprana.es\/#\/schema\/person\/image\/\",\"url\":\"https:\/\/yogaprana.es\/wp-content\/uploads\/2023\/07\/photofunny.net_-2.jpg\",\"contentUrl\":\"https:\/\/yogaprana.es\/wp-content\/uploads\/2023\/07\/photofunny.net_-2.jpg\",\"width\":1024,\"height\":1024,\"caption\":\"Esther Garrido\"},\"logo\":{\"@id\":\"https:\/\/yogaprana.es\/#\/schema\/person\/image\/\"},\"sameAs\":[\"http:\/\/yogaprana.es\"]}]}<\/script>\n<!-- \/ Yoast SEO plugin. -->","yoast_head_json":{"title":"Meditaciones - YogaPrana","description":"Bienvenido\/a a esta meditaci\u00f3n guiada dise\u00f1ada para ayudarte a encontrar paz interior y equilibrio emocional utilizando la t\u00e9cnica Yograprana.","robots":{"index":"index","follow":"follow","max-snippet":"max-snippet:-1","max-image-preview":"max-image-preview:large","max-video-preview":"max-video-preview:-1"},"canonical":"https:\/\/yogaprana.es\/index.php\/meditaciones\/","og_locale":"es_ES","og_type":"article","og_title":"Meditaciones - YogaPrana","og_description":"Bienvenido\/a a esta meditaci\u00f3n guiada dise\u00f1ada para ayudarte a encontrar paz interior y equilibrio emocional utilizando la t\u00e9cnica Yograprana.","og_url":"https:\/\/yogaprana.es\/index.php\/meditaciones\/","og_site_name":"YogaPrana","article_modified_time":"2025-04-05T19:49:32+00:00","twitter_card":"summary_large_image","twitter_misc":{"Tiempo de lectura":"1 minuto"},"schema":{"@context":"https:\/\/schema.org","@graph":[{"@type":"WebPage","@id":"https:\/\/yogaprana.es\/index.php\/meditaciones\/","url":"https:\/\/yogaprana.es\/index.php\/meditaciones\/","name":"Meditaciones - YogaPrana","isPartOf":{"@id":"https:\/\/yogaprana.es\/#website"},"datePublished":"2024-06-24T16:26:57+00:00","dateModified":"2025-04-05T19:49:32+00:00","description":"Bienvenido\/a a esta meditaci\u00f3n guiada dise\u00f1ada para ayudarte a encontrar paz interior y equilibrio emocional utilizando la t\u00e9cnica Yograprana.","breadcrumb":{"@id":"https:\/\/yogaprana.es\/index.php\/meditaciones\/#breadcrumb"},"inLanguage":"es","potentialAction":[{"@type":"ReadAction","target":["https:\/\/yogaprana.es\/index.php\/meditaciones\/"]}]},{"@type":"BreadcrumbList","@id":"https:\/\/yogaprana.es\/index.php\/meditaciones\/#breadcrumb","itemListElement":[{"@type":"ListItem","position":1,"name":"Home","item":"https:\/\/yogaprana.es\/"},{"@type":"ListItem","position":2,"name":"Meditaciones"}]},{"@type":"WebSite","@id":"https:\/\/yogaprana.es\/#website","url":"https:\/\/yogaprana.es\/","name":"YogaPrana","description":"Yoga Tacto y Respiraci\u00f3n","publisher":{"@id":"https:\/\/yogaprana.es\/#\/schema\/person\/b990311c9225359eca63f03ceb0e633d"},"potentialAction":[{"@type":"SearchAction","target":{"@type":"EntryPoint","urlTemplate":"https:\/\/yogaprana.es\/?s={search_term_string}"},"query-input":{"@type":"PropertyValueSpecification","valueRequired":true,"valueName":"search_term_string"}}],"inLanguage":"es"},{"@type":["Person","Organization"],"@id":"https:\/\/yogaprana.es\/#\/schema\/person\/b990311c9225359eca63f03ceb0e633d","name":"Esther Garrido","image":{"@type":"ImageObject","inLanguage":"es","@id":"https:\/\/yogaprana.es\/#\/schema\/person\/image\/","url":"https:\/\/yogaprana.es\/wp-content\/uploads\/2023\/07\/photofunny.net_-2.jpg","contentUrl":"https:\/\/yogaprana.es\/wp-content\/uploads\/2023\/07\/photofunny.net_-2.jpg","width":1024,"height":1024,"caption":"Esther Garrido"},"logo":{"@id":"https:\/\/yogaprana.es\/#\/schema\/person\/image\/"},"sameAs":["http:\/\/yogaprana.es"]}]}},"_links":{"self":[{"href":"https:\/\/yogaprana.es\/index.php\/wp-json\/wp\/v2\/pages\/2550","targetHints":{"allow":["GET"]}}],"collection":[{"href":"https:\/\/yogaprana.es\/index.php\/wp-json\/wp\/v2\/pages"}],"about":[{"href":"https:\/\/yogaprana.es\/index.php\/wp-json\/wp\/v2\/types\/page"}],"author":[{"embeddable":true,"href":"https:\/\/yogaprana.es\/index.php\/wp-json\/wp\/v2\/users\/1"}],"replies":[{"embeddable":true,"href":"https:\/\/yogaprana.es\/index.php\/wp-json\/wp\/v2\/comments?post=2550"}],"version-history":[{"count":52,"href":"https:\/\/yogaprana.es\/index.php\/wp-json\/wp\/v2\/pages\/2550\/revisions"}],"predecessor-version":[{"id":2676,"href":"https:\/\/yogaprana.es\/index.php\/wp-json\/wp\/v2\/pages\/2550\/revisions\/2676"}],"wp:attachment":[{"href":"https:\/\/yogaprana.es\/index.php\/wp-json\/wp\/v2\/media?parent=2550"}],"curies":[{"name":"wp","href":"https:\/\/api.w.org\/{rel}","templated":true}]}}